{"id":945,"date":"2024-01-23T18:54:58","date_gmt":"2024-01-23T17:54:58","guid":{"rendered":"https:\/\/groupe-national.fr\/?post_type=product&#038;p=945"},"modified":"2024-01-24T22:25:24","modified_gmt":"2024-01-24T21:25:24","slug":"casque-apple-airpods-max-bleu-ciel-bluetooth","status":"publish","type":"product","link":"https:\/\/groupe-national.fr\/index.php\/produit\/casque-apple-airpods-max-bleu-ciel-bluetooth\/","title":{"rendered":"CASQUE APPLE AIRPODS MAX BLEU CIEL BLUETOOTH"},"content":{"rendered":"","protected":false},"excerpt":{"rendered":"<ul>\n<li>Couleur Bleu Ciel<\/li>\n<li>Connectivit\u00e9 Bluetooth port\u00e9 de 10 m\u00e8tres<\/li>\n<li>Type de casque Circum-Auriculaire<\/li>\n<li>Microphone int\u00e9gr\u00e9 OUI<\/li>\n<\/ul>\n","protected":false},"featured_media":942,"template":"","meta":{"_et_pb_use_builder":"","_et_pb_old_content":"","_et_gb_content_width":""},"product_brand":[],"product_cat":[159,69],"product_tag":[],"class_list":{"0":"post-945","1":"product","2":"type-product","3":"status-publish","4":"has-post-thumbnail","6":"product_cat-airpods","7":"product_cat-casque-audio","9":"first","10":"instock","11":"shipping-taxable","12":"purchasable","13":"product-type-simple"},"jetpack_sharing_enabled":true,"_links":{"self":[{"href":"https:\/\/groupe-national.fr\/index.php\/wp-json\/wp\/v2\/product\/945","targetHints":{"allow":["GET"]}}],"collection":[{"href":"https:\/\/groupe-national.fr\/index.php\/wp-json\/wp\/v2\/product"}],"about":[{"href":"https:\/\/groupe-national.fr\/index.php\/wp-json\/wp\/v2\/types\/product"}],"wp:featuredmedia":[{"embeddable":true,"href":"https:\/\/groupe-national.fr\/index.php\/wp-json\/wp\/v2\/media\/942"}],"wp:attachment":[{"href":"https:\/\/groupe-national.fr\/index.php\/wp-json\/wp\/v2\/media?parent=945"}],"wp:term":[{"taxonomy":"product_brand","embeddable":true,"href":"https:\/\/groupe-national.fr\/index.php\/wp-json\/wp\/v2\/product_brand?post=945"},{"taxonomy":"product_cat","embeddable":true,"href":"https:\/\/groupe-national.fr\/index.php\/wp-json\/wp\/v2\/product_cat?post=945"},{"taxonomy":"product_tag","embeddable":true,"href":"https:\/\/groupe-national.fr\/index.php\/wp-json\/wp\/v2\/product_tag?post=945"}],"curies":[{"name":"wp","href":"https:\/\/api.w.org\/{rel}","templated":true}]}}