{"id":884,"date":"2024-01-23T18:13:31","date_gmt":"2024-01-23T17:13:31","guid":{"rendered":"https:\/\/groupe-national.fr\/?post_type=product&#038;p=884"},"modified":"2024-01-23T18:14:31","modified_gmt":"2024-01-23T17:14:31","slug":"lecteurs-dvd-lg-dp132","status":"publish","type":"product","link":"https:\/\/groupe-national.fr\/index.php\/produit\/lecteurs-dvd-lg-dp132\/","title":{"rendered":"LECTEURS DVD LG DP132"},"content":{"rendered":"","protected":false},"excerpt":{"rendered":"<ul>\n<li>D\u00e9codeurs audio int\u00e9gr\u00e9s Dolby Digital<\/li>\n<li>Couleur Noir<\/li>\n<li>Formats vid\u00e9o lus AVCHD, DIVX, DIVX HD, H.264, MPEG2, MPEG4<\/li>\n<li>Rendement de balayage progressif OUI<\/li>\n<li>Type d&rsquo;accessoire Joueur<\/li>\n<li>Compatibilit\u00e9 3D NON<\/li>\n<li>Karaok\u00e9 NON<\/li>\n<li>Playback disc formats CD audio<\/li>\n<li>Lecteur de carte m\u00e9moire NON<\/li>\n<li>La lecture des types de disques CD-R, CD-RW, DVD, DVD+R, DVD+RW, DVD-R, DVD-RW<\/li>\n<li>Types de disques d&rsquo;enregistrement NON<\/li>\n<li>Synthoniseur TV NON<\/li>\n<li>WI-FI int\u00e9gr\u00e9 NON<\/li>\n<li>Connexion Ethernet\/LAN NON<\/li>\n<li>Disque dur int\u00e9gr\u00e9 NON<\/li>\n<li>Vid\u00e9o haut de gamme NON<\/li>\n<li>Nombre de disques 1<\/li>\n<li>Consommation 11 W<\/li>\n<li>Consommation d&rsquo;\u00e9nergie (mode veille) 0.5 W<\/li>\n<li>Syst\u00e8me de format du signal analogique NTSC, PAL<\/li>\n<li>Formats compatibles MP3, WMA<\/li>\n<li>Sortie composante 1<\/li>\n<li>Sortie audio num\u00e9rique coaxiale 1<\/li>\n<li>Formats photos lus JPG<\/li>\n<li>Sortie Audio (Gauche, Droite) 1<\/li>\n<li>Hauteur 35 mm<\/li>\n<li>Profondeur 195 mm<\/li>\n<li>Ports USB 2.0 1<\/li>\n<li>Largeur 270 mm<\/li>\n<li>Lecture de CD-R OUI<\/li>\n<li>Lecture de CD-RW OUI<\/li>\n<li>Type de chargeur Plateau<\/li>\n<\/ul>\n","protected":false},"featured_media":880,"template":"","meta":{"_et_pb_use_builder":"","_et_pb_old_content":"","_et_gb_content_width":""},"product_brand":[],"product_cat":[68],"product_tag":[],"class_list":{"0":"post-884","1":"product","2":"type-product","3":"status-publish","4":"has-post-thumbnail","6":"product_cat-lecteur-blu-ray-et-dvd","8":"first","9":"instock","10":"shipping-taxable","11":"purchasable","12":"product-type-simple"},"jetpack_sharing_enabled":true,"_links":{"self":[{"href":"https:\/\/groupe-national.fr\/index.php\/wp-json\/wp\/v2\/product\/884","targetHints":{"allow":["GET"]}}],"collection":[{"href":"https:\/\/groupe-national.fr\/index.php\/wp-json\/wp\/v2\/product"}],"about":[{"href":"https:\/\/groupe-national.fr\/index.php\/wp-json\/wp\/v2\/types\/product"}],"wp:featuredmedia":[{"embeddable":true,"href":"https:\/\/groupe-national.fr\/index.php\/wp-json\/wp\/v2\/media\/880"}],"wp:attachment":[{"href":"https:\/\/groupe-national.fr\/index.php\/wp-json\/wp\/v2\/media?parent=884"}],"wp:term":[{"taxonomy":"product_brand","embeddable":true,"href":"https:\/\/groupe-national.fr\/index.php\/wp-json\/wp\/v2\/product_brand?post=884"},{"taxonomy":"product_cat","embeddable":true,"href":"https:\/\/groupe-national.fr\/index.php\/wp-json\/wp\/v2\/product_cat?post=884"},{"taxonomy":"product_tag","embeddable":true,"href":"https:\/\/groupe-national.fr\/index.php\/wp-json\/wp\/v2\/product_tag?post=884"}],"curies":[{"name":"wp","href":"https:\/\/api.w.org\/{rel}","templated":true}]}}