{"id":868,"date":"2024-01-23T18:04:30","date_gmt":"2024-01-23T17:04:30","guid":{"rendered":"https:\/\/groupe-national.fr\/?post_type=product&#038;p=868"},"modified":"2024-01-23T18:05:11","modified_gmt":"2024-01-23T17:05:11","slug":"haut-parleurs-soundbar-bose-solo-tv","status":"publish","type":"product","link":"https:\/\/groupe-national.fr\/index.php\/produit\/haut-parleurs-soundbar-bose-solo-tv\/","title":{"rendered":"HAUT-PARLEURS SOUNDBAR BOSE SOLO TV"},"content":{"rendered":"","protected":false},"excerpt":{"rendered":"<ul>\n<li>Couleur Noir<\/li>\n<li>Connectivit\u00e9 1 analogique RCA, 1 num\u00e9rique optique, 1 num\u00e9rique coaxiale<\/li>\n<li>Dock NON<\/li>\n<li>Ports HDMI NON<\/li>\n<\/ul>\n","protected":false},"featured_media":867,"template":"","meta":{"_et_pb_use_builder":"","_et_pb_old_content":"","_et_gb_content_width":""},"product_brand":[],"product_cat":[66],"product_tag":[],"class_list":{"0":"post-868","1":"product","2":"type-product","3":"status-publish","4":"has-post-thumbnail","6":"product_cat-barre-de-son","8":"first","9":"instock","10":"shipping-taxable","11":"purchasable","12":"product-type-simple"},"jetpack_sharing_enabled":true,"_links":{"self":[{"href":"https:\/\/groupe-national.fr\/index.php\/wp-json\/wp\/v2\/product\/868","targetHints":{"allow":["GET"]}}],"collection":[{"href":"https:\/\/groupe-national.fr\/index.php\/wp-json\/wp\/v2\/product"}],"about":[{"href":"https:\/\/groupe-national.fr\/index.php\/wp-json\/wp\/v2\/types\/product"}],"wp:featuredmedia":[{"embeddable":true,"href":"https:\/\/groupe-national.fr\/index.php\/wp-json\/wp\/v2\/media\/867"}],"wp:attachment":[{"href":"https:\/\/groupe-national.fr\/index.php\/wp-json\/wp\/v2\/media?parent=868"}],"wp:term":[{"taxonomy":"product_brand","embeddable":true,"href":"https:\/\/groupe-national.fr\/index.php\/wp-json\/wp\/v2\/product_brand?post=868"},{"taxonomy":"product_cat","embeddable":true,"href":"https:\/\/groupe-national.fr\/index.php\/wp-json\/wp\/v2\/product_cat?post=868"},{"taxonomy":"product_tag","embeddable":true,"href":"https:\/\/groupe-national.fr\/index.php\/wp-json\/wp\/v2\/product_tag?post=868"}],"curies":[{"name":"wp","href":"https:\/\/api.w.org\/{rel}","templated":true}]}}