{"id":278,"date":"2024-01-17T18:36:25","date_gmt":"2024-01-17T17:36:25","guid":{"rendered":"https:\/\/groupe-national.fr\/?post_type=product&#038;p=278"},"modified":"2024-01-17T18:37:31","modified_gmt":"2024-01-17T17:37:31","slug":"telephones-portables-doro-780x-blanc-debloque","status":"publish","type":"product","link":"https:\/\/groupe-national.fr\/index.php\/produit\/telephones-portables-doro-780x-blanc-debloque\/","title":{"rendered":"T\u00c9L\u00c9PHONES PORTABLES DORO 780X BLANC D\u00c9BLOQU\u00c9"},"content":{"rendered":"","protected":false},"excerpt":{"rendered":"<ul>\n<li>780X<\/li>\n<li>Blanc<\/li>\n<li>320 x 240 pixels<\/li>\n<li>D\u00e9bloqu\u00e9<\/li>\n<li>Appareil photo int\u00e9gr\u00e9<\/li>\n<li>\u00c9cran tactile Non<\/li>\n<li>Wifi\/bluetooth<\/li>\n<\/ul>\n","protected":false},"featured_media":265,"template":"","meta":{"_et_pb_use_builder":"","_et_pb_old_content":"","_et_gb_content_width":""},"product_brand":[],"product_cat":[23],"product_tag":[],"class_list":{"0":"post-278","1":"product","2":"type-product","3":"status-publish","4":"has-post-thumbnail","6":"product_cat-telephone-portable-vintage","8":"first","9":"instock","10":"shipping-taxable","11":"purchasable","12":"product-type-simple"},"jetpack_sharing_enabled":true,"_links":{"self":[{"href":"https:\/\/groupe-national.fr\/index.php\/wp-json\/wp\/v2\/product\/278","targetHints":{"allow":["GET"]}}],"collection":[{"href":"https:\/\/groupe-national.fr\/index.php\/wp-json\/wp\/v2\/product"}],"about":[{"href":"https:\/\/groupe-national.fr\/index.php\/wp-json\/wp\/v2\/types\/product"}],"wp:featuredmedia":[{"embeddable":true,"href":"https:\/\/groupe-national.fr\/index.php\/wp-json\/wp\/v2\/media\/265"}],"wp:attachment":[{"href":"https:\/\/groupe-national.fr\/index.php\/wp-json\/wp\/v2\/media?parent=278"}],"wp:term":[{"taxonomy":"product_brand","embeddable":true,"href":"https:\/\/groupe-national.fr\/index.php\/wp-json\/wp\/v2\/product_brand?post=278"},{"taxonomy":"product_cat","embeddable":true,"href":"https:\/\/groupe-national.fr\/index.php\/wp-json\/wp\/v2\/product_cat?post=278"},{"taxonomy":"product_tag","embeddable":true,"href":"https:\/\/groupe-national.fr\/index.php\/wp-json\/wp\/v2\/product_tag?post=278"}],"curies":[{"name":"wp","href":"https:\/\/api.w.org\/{rel}","templated":true}]}}