{"id":275,"date":"2024-01-17T17:14:53","date_gmt":"2024-01-17T16:14:53","guid":{"rendered":"https:\/\/groupe-national.fr\/?post_type=product&#038;p=275"},"modified":"2024-01-17T18:33:48","modified_gmt":"2024-01-17T17:33:48","slug":"telephones-portables-samsung-e1270-rouge-debloque","status":"publish","type":"product","link":"https:\/\/groupe-national.fr\/index.php\/produit\/telephones-portables-samsung-e1270-rouge-debloque\/","title":{"rendered":"T\u00c9L\u00c9PHONES PORTABLES SAMSUNG E1270 ROUGE D\u00c9BLOQU\u00c9"},"content":{"rendered":"","protected":false},"excerpt":{"rendered":"<ul>\n<li>GSM<\/li>\n<li>Rouge<\/li>\n<li>45 mm (1.77 \u00ab\u00a0)<\/li>\n<li>D\u00e9bloqu\u00e9<\/li>\n<li>Appareil photo int\u00e9gr\u00e9<\/li>\n<li>\u00c9cran tactile Non<\/li>\n<li>800 mAh<\/li>\n<\/ul>\n","protected":false},"featured_media":268,"template":"","meta":{"_et_pb_use_builder":"","_et_pb_old_content":"","_et_gb_content_width":""},"product_brand":[],"product_cat":[23],"product_tag":[],"class_list":{"0":"post-275","1":"product","2":"type-product","3":"status-publish","4":"has-post-thumbnail","6":"product_cat-telephone-portable-vintage","8":"first","9":"instock","10":"shipping-taxable","11":"purchasable","12":"product-type-simple"},"jetpack_sharing_enabled":true,"_links":{"self":[{"href":"https:\/\/groupe-national.fr\/index.php\/wp-json\/wp\/v2\/product\/275","targetHints":{"allow":["GET"]}}],"collection":[{"href":"https:\/\/groupe-national.fr\/index.php\/wp-json\/wp\/v2\/product"}],"about":[{"href":"https:\/\/groupe-national.fr\/index.php\/wp-json\/wp\/v2\/types\/product"}],"wp:featuredmedia":[{"embeddable":true,"href":"https:\/\/groupe-national.fr\/index.php\/wp-json\/wp\/v2\/media\/268"}],"wp:attachment":[{"href":"https:\/\/groupe-national.fr\/index.php\/wp-json\/wp\/v2\/media?parent=275"}],"wp:term":[{"taxonomy":"product_brand","embeddable":true,"href":"https:\/\/groupe-national.fr\/index.php\/wp-json\/wp\/v2\/product_brand?post=275"},{"taxonomy":"product_cat","embeddable":true,"href":"https:\/\/groupe-national.fr\/index.php\/wp-json\/wp\/v2\/product_cat?post=275"},{"taxonomy":"product_tag","embeddable":true,"href":"https:\/\/groupe-national.fr\/index.php\/wp-json\/wp\/v2\/product_tag?post=275"}],"curies":[{"name":"wp","href":"https:\/\/api.w.org\/{rel}","templated":true}]}}