{"id":272,"date":"2024-01-17T16:51:47","date_gmt":"2024-01-17T15:51:47","guid":{"rendered":"https:\/\/groupe-national.fr\/?post_type=product&#038;p=272"},"modified":"2024-01-17T16:57:23","modified_gmt":"2024-01-17T15:57:23","slug":"telephones-portables-nokia-110-noir-debloque","status":"publish","type":"product","link":"https:\/\/groupe-national.fr\/index.php\/produit\/telephones-portables-nokia-110-noir-debloque\/","title":{"rendered":"T\u00c9L\u00c9PHONES PORTABLES NOKIA 110 NOIR D\u00c9BLOQU\u00c9"},"content":{"rendered":"","protected":false},"excerpt":{"rendered":"<ul>\n<li>110<\/li>\n<li>Noir<\/li>\n<li>120 x 160 pixels<\/li>\n<li>D\u00e9bloqu\u00e9<\/li>\n<li>Appareil photo int\u00e9gr\u00e9<\/li>\n<li>\u00c9cran tactile Non<\/li>\n<li>1.321 W\/Kg<\/li>\n<\/ul>\n","protected":false},"featured_media":271,"template":"","meta":{"_et_pb_use_builder":"","_et_pb_old_content":"","_et_gb_content_width":""},"product_brand":[],"product_cat":[23],"product_tag":[],"class_list":{"0":"post-272","1":"product","2":"type-product","3":"status-publish","4":"has-post-thumbnail","6":"product_cat-telephone-portable-vintage","8":"first","9":"instock","10":"shipping-taxable","11":"purchasable","12":"product-type-simple"},"jetpack_sharing_enabled":true,"_links":{"self":[{"href":"https:\/\/groupe-national.fr\/index.php\/wp-json\/wp\/v2\/product\/272","targetHints":{"allow":["GET"]}}],"collection":[{"href":"https:\/\/groupe-national.fr\/index.php\/wp-json\/wp\/v2\/product"}],"about":[{"href":"https:\/\/groupe-national.fr\/index.php\/wp-json\/wp\/v2\/types\/product"}],"wp:featuredmedia":[{"embeddable":true,"href":"https:\/\/groupe-national.fr\/index.php\/wp-json\/wp\/v2\/media\/271"}],"wp:attachment":[{"href":"https:\/\/groupe-national.fr\/index.php\/wp-json\/wp\/v2\/media?parent=272"}],"wp:term":[{"taxonomy":"product_brand","embeddable":true,"href":"https:\/\/groupe-national.fr\/index.php\/wp-json\/wp\/v2\/product_brand?post=272"},{"taxonomy":"product_cat","embeddable":true,"href":"https:\/\/groupe-national.fr\/index.php\/wp-json\/wp\/v2\/product_cat?post=272"},{"taxonomy":"product_tag","embeddable":true,"href":"https:\/\/groupe-national.fr\/index.php\/wp-json\/wp\/v2\/product_tag?post=272"}],"curies":[{"name":"wp","href":"https:\/\/api.w.org\/{rel}","templated":true}]}}