{"id":251,"date":"2024-01-17T16:29:13","date_gmt":"2024-01-17T15:29:13","guid":{"rendered":"https:\/\/groupe-national.fr\/?post_type=product&#038;p=251"},"modified":"2024-01-17T16:29:28","modified_gmt":"2024-01-17T15:29:28","slug":"apple-iphone-14-pro-noir-sideral-512-go-debloque","status":"publish","type":"product","link":"https:\/\/groupe-national.fr\/index.php\/produit\/apple-iphone-14-pro-noir-sideral-512-go-debloque\/","title":{"rendered":"APPLE IPHONE 14 PRO NOIR SID\u00c9RAL 512 GO D\u00c9BLOQU\u00c9"},"content":{"rendered":"","protected":false},"excerpt":{"rendered":"<ul>\n<li>Noir<\/li>\n<li>512 Go<\/li>\n<li>6 Go<\/li>\n<li>iPhone 14 pro<\/li>\n<li>2022<\/li>\n<li>6.1 \u00ab\u00a0<\/li>\n<li>Ecran Tactile<\/li>\n<li>D\u00e9bloqu\u00e9<\/li>\n<li>iOS<\/li>\n<li>Bluetooth \/ Wifi \/ NFC<\/li>\n<li>5G<\/li>\n<\/ul>\n","protected":false},"featured_media":245,"template":"","meta":{"_et_pb_use_builder":"","_et_pb_old_content":"","_et_gb_content_width":""},"product_brand":[],"product_cat":[18,22],"product_tag":[],"class_list":{"0":"post-251","1":"product","2":"type-product","3":"status-publish","4":"has-post-thumbnail","6":"product_cat-iphone","7":"product_cat-iphone-14-pro","9":"first","10":"instock","11":"shipping-taxable","12":"purchasable","13":"product-type-simple"},"jetpack_sharing_enabled":true,"_links":{"self":[{"href":"https:\/\/groupe-national.fr\/index.php\/wp-json\/wp\/v2\/product\/251","targetHints":{"allow":["GET"]}}],"collection":[{"href":"https:\/\/groupe-national.fr\/index.php\/wp-json\/wp\/v2\/product"}],"about":[{"href":"https:\/\/groupe-national.fr\/index.php\/wp-json\/wp\/v2\/types\/product"}],"wp:featuredmedia":[{"embeddable":true,"href":"https:\/\/groupe-national.fr\/index.php\/wp-json\/wp\/v2\/media\/245"}],"wp:attachment":[{"href":"https:\/\/groupe-national.fr\/index.php\/wp-json\/wp\/v2\/media?parent=251"}],"wp:term":[{"taxonomy":"product_brand","embeddable":true,"href":"https:\/\/groupe-national.fr\/index.php\/wp-json\/wp\/v2\/product_brand?post=251"},{"taxonomy":"product_cat","embeddable":true,"href":"https:\/\/groupe-national.fr\/index.php\/wp-json\/wp\/v2\/product_cat?post=251"},{"taxonomy":"product_tag","embeddable":true,"href":"https:\/\/groupe-national.fr\/index.php\/wp-json\/wp\/v2\/product_tag?post=251"}],"curies":[{"name":"wp","href":"https:\/\/api.w.org\/{rel}","templated":true}]}}