{"id":231,"date":"2024-01-17T12:16:52","date_gmt":"2024-01-17T11:16:52","guid":{"rendered":"https:\/\/groupe-national.fr\/?post_type=product&#038;p=231"},"modified":"2024-01-17T12:17:16","modified_gmt":"2024-01-17T11:17:16","slug":"apple-iphone-14-plus-lumiere-stellaire-512-go-debloque","status":"publish","type":"product","link":"https:\/\/groupe-national.fr\/index.php\/produit\/apple-iphone-14-plus-lumiere-stellaire-512-go-debloque\/","title":{"rendered":"APPLE IPHONE 14 PLUS LUMI\u00c8RE STELLAIRE 512 GO D\u00c9BLOQU\u00c9"},"content":{"rendered":"","protected":false},"excerpt":{"rendered":"<ul>\n<li>Lumi\u00e8re stellaire<\/li>\n<li>512 Go<\/li>\n<li>6 Go<\/li>\n<li>iPhone 14 plus<\/li>\n<li>2022<\/li>\n<li>6.1 \u00ab\u00a0<\/li>\n<li>Ecran Tactile<\/li>\n<li>D\u00e9bloqu\u00e9<\/li>\n<li>iOS<\/li>\n<li>Bluetooth \/ Wifi \/ NFC<\/li>\n<li>5G<\/li>\n<\/ul>\n","protected":false},"featured_media":190,"template":"","meta":{"_et_pb_use_builder":"","_et_pb_old_content":"","_et_gb_content_width":""},"product_brand":[],"product_cat":[18,21],"product_tag":[],"class_list":{"0":"post-231","1":"product","2":"type-product","3":"status-publish","4":"has-post-thumbnail","6":"product_cat-iphone","7":"product_cat-iphone-14-plus","9":"first","10":"instock","11":"shipping-taxable","12":"purchasable","13":"product-type-simple"},"jetpack_sharing_enabled":true,"_links":{"self":[{"href":"https:\/\/groupe-national.fr\/index.php\/wp-json\/wp\/v2\/product\/231","targetHints":{"allow":["GET"]}}],"collection":[{"href":"https:\/\/groupe-national.fr\/index.php\/wp-json\/wp\/v2\/product"}],"about":[{"href":"https:\/\/groupe-national.fr\/index.php\/wp-json\/wp\/v2\/types\/product"}],"wp:featuredmedia":[{"embeddable":true,"href":"https:\/\/groupe-national.fr\/index.php\/wp-json\/wp\/v2\/media\/190"}],"wp:attachment":[{"href":"https:\/\/groupe-national.fr\/index.php\/wp-json\/wp\/v2\/media?parent=231"}],"wp:term":[{"taxonomy":"product_brand","embeddable":true,"href":"https:\/\/groupe-national.fr\/index.php\/wp-json\/wp\/v2\/product_brand?post=231"},{"taxonomy":"product_cat","embeddable":true,"href":"https:\/\/groupe-national.fr\/index.php\/wp-json\/wp\/v2\/product_cat?post=231"},{"taxonomy":"product_tag","embeddable":true,"href":"https:\/\/groupe-national.fr\/index.php\/wp-json\/wp\/v2\/product_tag?post=231"}],"curies":[{"name":"wp","href":"https:\/\/api.w.org\/{rel}","templated":true}]}}