{"id":1380,"date":"2024-01-28T20:28:57","date_gmt":"2024-01-28T19:28:57","guid":{"rendered":"https:\/\/groupe-national.fr\/?post_type=product&#038;p=1380"},"modified":"2024-01-28T20:30:59","modified_gmt":"2024-01-28T19:30:59","slug":"jeux-video-super-monaco-gp-game-gear-copie","status":"publish","type":"product","link":"https:\/\/groupe-national.fr\/index.php\/produit\/jeux-video-super-monaco-gp-game-gear-copie\/","title":{"rendered":"APPLE IPHONE XS GRIS SID\u00c9RAL 64 GO D\u00c9BLOQU\u00c9"},"content":{"rendered":"","protected":false},"excerpt":{"rendered":"<ul>\n<li>Couleur Gris sid\u00e9ral<\/li>\n<li>M\u00e9moire interne 64 Go<\/li>\n<li>M\u00e9moire vive 3 Go<\/li>\n<li>Nom commercial iPhone XS<\/li>\n<li>Date de sortie 2018<\/li>\n<li>Taille d&rsquo;\u00e9cran 5.8 \u00ab\u00a0<\/li>\n<li>\u00c9cran tactile OUI<\/li>\n<li>Op\u00e9rateur D\u00e9bloqu\u00e9<\/li>\n<li>Syst. exploit. iOS<\/li>\n<li>Liaison sans fil Bluetooth \/ Wifi \/ NFC<\/li>\n<li>\u00c9couteurs Vendu sans \u00e9couteurs<\/li>\n<li>Bluetooth OUI<\/li>\n<li>Fonction GPS OUI<\/li>\n<li>WI-FI int\u00e9gr\u00e9 OUI<\/li>\n<li>Double carte SIM OUI<\/li>\n<li>Appareil photo princ. 12 Mpx<\/li>\n<li>DAS t\u00eate* 0.990 W\/Kg<\/li>\n<li>DAS tronc* 0.990 W\/Kg<\/li>\n<li>DAS membre* 0.990 W\/Kg<\/li>\n<li>Appareil photo int\u00e9gr\u00e9 OUI<\/li>\n<li>R\u00e9seau 4G<\/li>\n<li>NFC OUI<\/li>\n<\/ul>\n","protected":false},"featured_media":1385,"template":"","meta":{"_et_pb_use_builder":"on","_et_pb_old_content":"","_et_gb_content_width":""},"product_brand":[],"product_cat":[163],"product_tag":[],"class_list":{"0":"post-1380","1":"product","2":"type-product","3":"status-publish","4":"has-post-thumbnail","6":"product_cat-iphone-xs","8":"first","9":"instock","10":"shipping-taxable","11":"purchasable","12":"product-type-simple"},"jetpack_sharing_enabled":true,"_links":{"self":[{"href":"https:\/\/groupe-national.fr\/index.php\/wp-json\/wp\/v2\/product\/1380","targetHints":{"allow":["GET"]}}],"collection":[{"href":"https:\/\/groupe-national.fr\/index.php\/wp-json\/wp\/v2\/product"}],"about":[{"href":"https:\/\/groupe-national.fr\/index.php\/wp-json\/wp\/v2\/types\/product"}],"wp:featuredmedia":[{"embeddable":true,"href":"https:\/\/groupe-national.fr\/index.php\/wp-json\/wp\/v2\/media\/1385"}],"wp:attachment":[{"href":"https:\/\/groupe-national.fr\/index.php\/wp-json\/wp\/v2\/media?parent=1380"}],"wp:term":[{"taxonomy":"product_brand","embeddable":true,"href":"https:\/\/groupe-national.fr\/index.php\/wp-json\/wp\/v2\/product_brand?post=1380"},{"taxonomy":"product_cat","embeddable":true,"href":"https:\/\/groupe-national.fr\/index.php\/wp-json\/wp\/v2\/product_cat?post=1380"},{"taxonomy":"product_tag","embeddable":true,"href":"https:\/\/groupe-national.fr\/index.php\/wp-json\/wp\/v2\/product_tag?post=1380"}],"curies":[{"name":"wp","href":"https:\/\/api.w.org\/{rel}","templated":true}]}}