{"id":1034,"date":"2024-01-24T22:10:16","date_gmt":"2024-01-24T21:10:16","guid":{"rendered":"https:\/\/groupe-national.fr\/?post_type=product&#038;p=1034"},"modified":"2024-01-24T22:11:23","modified_gmt":"2024-01-24T21:11:23","slug":"montre-connectee-garmin-instinct-solar-silicone-noir-45-mm","status":"publish","type":"product","link":"https:\/\/groupe-national.fr\/index.php\/produit\/montre-connectee-garmin-instinct-solar-silicone-noir-45-mm\/","title":{"rendered":"MONTRE CONNECT\u00c9E GARMIN INSTINCT SOLAR SILICONE NOIR 45 MM"},"content":{"rendered":"","protected":false},"excerpt":{"rendered":"<ul>\n<li>Nom commercial Instinct Solar<\/li>\n<li>Date de sortie 2018<\/li>\n<li>Poids 52 g<\/li>\n<li>Mati\u00e8re du bracelet Silicone<\/li>\n<li>Couleur du bracelet Noir<\/li>\n<li>Couleur du bo\u00eetier Noir<\/li>\n<li>Fermoir Boucle ardillon<\/li>\n<li>Forme du cadran Rond<\/li>\n<li>Taille de l&rsquo;\u00e9cran 45 mm<\/li>\n<li>\u00c9cran tactile NON<\/li>\n<li>\u00c9tanch\u00e9it\u00e9 30 m\u00e8tres<\/li>\n<li>Syst\u00e8me mobile support\u00e9 Android, iOS<\/li>\n<li>Cellular NON<\/li>\n<li>Affichage des notifications OUI<\/li>\n<li>Capteur Barom\u00e8tre, fr\u00e9quence cardiaque, acc\u00e9l\u00e9rom\u00e8tre 9 axes<\/li>\n<li>WI-FI int\u00e9gr\u00e9 NON<\/li>\n<li>Bluetooth OUI<\/li>\n<li>Port USB NON<\/li>\n<li>Radio FM NON<\/li>\n<li>Microphone int\u00e9gr\u00e9 NON<\/li>\n<li>Haut-parleurs int\u00e9gr\u00e9s NON<\/li>\n<li>Carte m\u00e9m. admise NON<\/li>\n<li>DAS t\u00eate* 0 W\/Kg<\/li>\n<li>DAS tronc* 0 W\/Kg<\/li>\n<li>DAS membre* 0 W\/Kg<\/li>\n<\/ul>\n","protected":false},"featured_media":1028,"template":"","meta":{"_et_pb_use_builder":"","_et_pb_old_content":"","_et_gb_content_width":""},"product_brand":[],"product_cat":[158],"product_tag":[],"class_list":{"0":"post-1034","1":"product","2":"type-product","3":"status-publish","4":"has-post-thumbnail","6":"product_cat-montre-connectee-garmin","8":"first","9":"instock","10":"shipping-taxable","11":"purchasable","12":"product-type-simple"},"jetpack_sharing_enabled":true,"_links":{"self":[{"href":"https:\/\/groupe-national.fr\/index.php\/wp-json\/wp\/v2\/product\/1034","targetHints":{"allow":["GET"]}}],"collection":[{"href":"https:\/\/groupe-national.fr\/index.php\/wp-json\/wp\/v2\/product"}],"about":[{"href":"https:\/\/groupe-national.fr\/index.php\/wp-json\/wp\/v2\/types\/product"}],"wp:featuredmedia":[{"embeddable":true,"href":"https:\/\/groupe-national.fr\/index.php\/wp-json\/wp\/v2\/media\/1028"}],"wp:attachment":[{"href":"https:\/\/groupe-national.fr\/index.php\/wp-json\/wp\/v2\/media?parent=1034"}],"wp:term":[{"taxonomy":"product_brand","embeddable":true,"href":"https:\/\/groupe-national.fr\/index.php\/wp-json\/wp\/v2\/product_brand?post=1034"},{"taxonomy":"product_cat","embeddable":true,"href":"https:\/\/groupe-national.fr\/index.php\/wp-json\/wp\/v2\/product_cat?post=1034"},{"taxonomy":"product_tag","embeddable":true,"href":"https:\/\/groupe-national.fr\/index.php\/wp-json\/wp\/v2\/product_tag?post=1034"}],"curies":[{"name":"wp","href":"https:\/\/api.w.org\/{rel}","templated":true}]}}