{"id":1032,"date":"2024-01-24T22:07:03","date_gmt":"2024-01-24T21:07:03","guid":{"rendered":"https:\/\/groupe-national.fr\/?post_type=product&#038;p=1032"},"modified":"2024-01-24T22:08:02","modified_gmt":"2024-01-24T21:08:02","slug":"montre-connectee-garmin-forerunner-45-silicone-noir-42-mm","status":"publish","type":"product","link":"https:\/\/groupe-national.fr\/index.php\/produit\/montre-connectee-garmin-forerunner-45-silicone-noir-42-mm\/","title":{"rendered":"MONTRE CONNECT\u00c9E GARMIN FORERUNNER 45 SILICONE NOIR 42 MM"},"content":{"rendered":"","protected":false},"excerpt":{"rendered":"<ul>\n<li>Nom commercial Forerunner 45<\/li>\n<li>Date de sortie 2020<\/li>\n<li>Poids 36 gr<\/li>\n<li>Mati\u00e8re du bracelet Silicone<\/li>\n<li>Couleur du bracelet Noir<\/li>\n<li>Couleur du bo\u00eetier Noir<\/li>\n<li>Fermoir Boucle invisible<\/li>\n<li>Forme du cadran Rond<\/li>\n<li>Taille de l&rsquo;\u00e9cran 42 mm<\/li>\n<li>\u00c9cran tactile NON<\/li>\n<li>\u00c9tanch\u00e9it\u00e9 50 m\u00e8tres<\/li>\n<li>Syst\u00e8me mobile support\u00e9 Android, iOS<\/li>\n<li>Cellular NON<\/li>\n<li>Affichage des notifications OUI<\/li>\n<li>Capteur N.C.<\/li>\n<li>WI-FI int\u00e9gr\u00e9 OUI<\/li>\n<li>Bluetooth OUI<\/li>\n<li>Port USB NON<\/li>\n<li>Radio FM NON<\/li>\n<li>Microphone int\u00e9gr\u00e9 NON<\/li>\n<li>Haut-parleurs int\u00e9gr\u00e9s NON<\/li>\n<li>Carte m\u00e9m. admise NON<\/li>\n<\/ul>\n","protected":false},"featured_media":1030,"template":"","meta":{"_et_pb_use_builder":"","_et_pb_old_content":"","_et_gb_content_width":""},"product_brand":[],"product_cat":[158],"product_tag":[],"class_list":{"0":"post-1032","1":"product","2":"type-product","3":"status-publish","4":"has-post-thumbnail","6":"product_cat-montre-connectee-garmin","8":"first","9":"instock","10":"shipping-taxable","11":"purchasable","12":"product-type-simple"},"jetpack_sharing_enabled":true,"_links":{"self":[{"href":"https:\/\/groupe-national.fr\/index.php\/wp-json\/wp\/v2\/product\/1032","targetHints":{"allow":["GET"]}}],"collection":[{"href":"https:\/\/groupe-national.fr\/index.php\/wp-json\/wp\/v2\/product"}],"about":[{"href":"https:\/\/groupe-national.fr\/index.php\/wp-json\/wp\/v2\/types\/product"}],"wp:featuredmedia":[{"embeddable":true,"href":"https:\/\/groupe-national.fr\/index.php\/wp-json\/wp\/v2\/media\/1030"}],"wp:attachment":[{"href":"https:\/\/groupe-national.fr\/index.php\/wp-json\/wp\/v2\/media?parent=1032"}],"wp:term":[{"taxonomy":"product_brand","embeddable":true,"href":"https:\/\/groupe-national.fr\/index.php\/wp-json\/wp\/v2\/product_brand?post=1032"},{"taxonomy":"product_cat","embeddable":true,"href":"https:\/\/groupe-national.fr\/index.php\/wp-json\/wp\/v2\/product_cat?post=1032"},{"taxonomy":"product_tag","embeddable":true,"href":"https:\/\/groupe-national.fr\/index.php\/wp-json\/wp\/v2\/product_tag?post=1032"}],"curies":[{"name":"wp","href":"https:\/\/api.w.org\/{rel}","templated":true}]}}