{"id":1015,"date":"2024-01-24T21:49:49","date_gmt":"2024-01-24T20:49:49","guid":{"rendered":"https:\/\/groupe-national.fr\/?post_type=product&#038;p=1015"},"modified":"2024-01-28T20:11:05","modified_gmt":"2024-01-28T19:11:05","slug":"montre-connectee-samsung-galaxy-watch-6-caoutchouc-graphite-44-mm","status":"publish","type":"product","link":"https:\/\/groupe-national.fr\/index.php\/produit\/montre-connectee-samsung-galaxy-watch-6-caoutchouc-graphite-44-mm\/","title":{"rendered":"MONTRE CONNECT\u00c9E SAMSUNG GALAXY WATCH 6 CAOUTCHOUC GRAPHITE 44 MM"},"content":{"rendered":"","protected":false},"excerpt":{"rendered":"<ul>\n<li>Nom commercial Galaxy Watch 6<\/li>\n<li>Date de sortie 2023<\/li>\n<li>Poids 29 gr<\/li>\n<li>Mati\u00e8re du bracelet Caoutchouc<\/li>\n<li>Couleur du bracelet Graphite<\/li>\n<li>Couleur du bo\u00eetier Graphite<\/li>\n<li>Fermoir Boucle ardillon<\/li>\n<li>Forme du cadran Rond<\/li>\n<li>Taille de l&rsquo;\u00e9cran 44 mm<\/li>\n<li>\u00c9cran tactile OUI<\/li>\n<li>\u00c9tanch\u00e9it\u00e9 50 m\u00e8tres<\/li>\n<li>Syst\u00e8me mobile support\u00e9 Android<\/li>\n<li>Cellular NON<\/li>\n<li>Affichage des notifications OUI<\/li>\n<li>Capteur Cardiaque, ECG<\/li>\n<li>WI-FI int\u00e9gr\u00e9 OUI<\/li>\n<li>Bluetooth OUI<\/li>\n<li>Port USB NON<\/li>\n<li>Radio FM NON<\/li>\n<li>Microphone int\u00e9gr\u00e9 OUI<\/li>\n<li>Haut-parleurs int\u00e9gr\u00e9s OUI<\/li>\n<li>Carte m\u00e9m. admise NON<\/li>\n<li>DAS membre* 2.498 W\/Kg<\/li>\n<\/ul>\n","protected":false},"featured_media":1009,"template":"","meta":{"_et_pb_use_builder":"","_et_pb_old_content":"","_et_gb_content_width":""},"product_brand":[],"product_cat":[162,156],"product_tag":[],"class_list":{"0":"post-1015","1":"product","2":"type-product","3":"status-publish","4":"has-post-thumbnail","6":"product_cat-best-montres-connectees","7":"product_cat-samsung-galaxy-watch","9":"first","10":"instock","11":"shipping-taxable","12":"purchasable","13":"product-type-simple"},"jetpack_sharing_enabled":true,"_links":{"self":[{"href":"https:\/\/groupe-national.fr\/index.php\/wp-json\/wp\/v2\/product\/1015","targetHints":{"allow":["GET"]}}],"collection":[{"href":"https:\/\/groupe-national.fr\/index.php\/wp-json\/wp\/v2\/product"}],"about":[{"href":"https:\/\/groupe-national.fr\/index.php\/wp-json\/wp\/v2\/types\/product"}],"wp:featuredmedia":[{"embeddable":true,"href":"https:\/\/groupe-national.fr\/index.php\/wp-json\/wp\/v2\/media\/1009"}],"wp:attachment":[{"href":"https:\/\/groupe-national.fr\/index.php\/wp-json\/wp\/v2\/media?parent=1015"}],"wp:term":[{"taxonomy":"product_brand","embeddable":true,"href":"https:\/\/groupe-national.fr\/index.php\/wp-json\/wp\/v2\/product_brand?post=1015"},{"taxonomy":"product_cat","embeddable":true,"href":"https:\/\/groupe-national.fr\/index.php\/wp-json\/wp\/v2\/product_cat?post=1015"},{"taxonomy":"product_tag","embeddable":true,"href":"https:\/\/groupe-national.fr\/index.php\/wp-json\/wp\/v2\/product_tag?post=1015"}],"curies":[{"name":"wp","href":"https:\/\/api.w.org\/{rel}","templated":true}]}}