{"id":1012,"date":"2024-01-24T21:42:43","date_gmt":"2024-01-24T20:42:43","guid":{"rendered":"https:\/\/groupe-national.fr\/?post_type=product&#038;p=1012"},"modified":"2024-01-24T21:47:28","modified_gmt":"2024-01-24T20:47:28","slug":"montre-connectee-apple-watch-series-3-silicone-noir-38-mm-copie","status":"publish","type":"product","link":"https:\/\/groupe-national.fr\/index.php\/produit\/montre-connectee-apple-watch-series-3-silicone-noir-38-mm-copie\/","title":{"rendered":"MONTRE CONNECT\u00c9E SAMSUNG GALAXY WATCH 5 SILICONE BLEU 44 MM"},"content":{"rendered":"","protected":false},"excerpt":{"rendered":"<ul>\n<li>Nom commercial Galaxy Watch 5<\/li>\n<li>Date de sortie 2022<\/li>\n<li>Poids 46 gr<\/li>\n<li>Mati\u00e8re du bracelet Silicone<\/li>\n<li>Couleur du bracelet Bleu<\/li>\n<li>Couleur du bo\u00eetier Bleu<\/li>\n<li>Fermoir Boucle ardillon<\/li>\n<li>Forme du cadran Rond<\/li>\n<li>Taille de l&rsquo;\u00e9cran 44 mm<\/li>\n<li>\u00c9cran tactile OUI<\/li>\n<li>\u00c9tanch\u00e9it\u00e9 Non \u00e9tanche<\/li>\n<li>Syst\u00e8me mobile support\u00e9 Android<\/li>\n<li>Cellular NON<\/li>\n<li>Affichage des notifications OUI<\/li>\n<li>Capteur Fr\u00e9quence cardiaque<\/li>\n<li>WI-FI int\u00e9gr\u00e9 OUI<\/li>\n<li>Bluetooth OUI<\/li>\n<li>Port USB NON<\/li>\n<li>Radio FM NON<\/li>\n<li>Microphone int\u00e9gr\u00e9 OUI<\/li>\n<li>Haut-parleurs int\u00e9gr\u00e9s OUI<\/li>\n<li>Carte m\u00e9m. admise NON<\/li>\n<li>DAS t\u00eate* 0 W\/Kg<\/li>\n<li>DAS tronc* 0 W\/Kg<\/li>\n<li>DAS membre* 2.664 W\/Kg<\/li>\n<\/ul>\n","protected":false},"featured_media":1011,"template":"","meta":{"_et_pb_use_builder":"","_et_pb_old_content":"","_et_gb_content_width":""},"product_brand":[],"product_cat":[156],"product_tag":[],"class_list":{"0":"post-1012","1":"product","2":"type-product","3":"status-publish","4":"has-post-thumbnail","6":"product_cat-samsung-galaxy-watch","8":"first","9":"instock","10":"shipping-taxable","11":"purchasable","12":"product-type-simple"},"jetpack_sharing_enabled":true,"_links":{"self":[{"href":"https:\/\/groupe-national.fr\/index.php\/wp-json\/wp\/v2\/product\/1012","targetHints":{"allow":["GET"]}}],"collection":[{"href":"https:\/\/groupe-national.fr\/index.php\/wp-json\/wp\/v2\/product"}],"about":[{"href":"https:\/\/groupe-national.fr\/index.php\/wp-json\/wp\/v2\/types\/product"}],"wp:featuredmedia":[{"embeddable":true,"href":"https:\/\/groupe-national.fr\/index.php\/wp-json\/wp\/v2\/media\/1011"}],"wp:attachment":[{"href":"https:\/\/groupe-national.fr\/index.php\/wp-json\/wp\/v2\/media?parent=1012"}],"wp:term":[{"taxonomy":"product_brand","embeddable":true,"href":"https:\/\/groupe-national.fr\/index.php\/wp-json\/wp\/v2\/product_brand?post=1012"},{"taxonomy":"product_cat","embeddable":true,"href":"https:\/\/groupe-national.fr\/index.php\/wp-json\/wp\/v2\/product_cat?post=1012"},{"taxonomy":"product_tag","embeddable":true,"href":"https:\/\/groupe-national.fr\/index.php\/wp-json\/wp\/v2\/product_tag?post=1012"}],"curies":[{"name":"wp","href":"https:\/\/api.w.org\/{rel}","templated":true}]}}