{"id":1006,"date":"2024-01-24T21:39:49","date_gmt":"2024-01-24T20:39:49","guid":{"rendered":"https:\/\/groupe-national.fr\/?post_type=product&#038;p=1006"},"modified":"2024-01-24T21:41:14","modified_gmt":"2024-01-24T20:41:14","slug":"montre-connectee-apple-watch-series-3-silicone-noir-38-mm","status":"publish","type":"product","link":"https:\/\/groupe-national.fr\/index.php\/produit\/montre-connectee-apple-watch-series-3-silicone-noir-38-mm\/","title":{"rendered":"MONTRE CONNECT\u00c9E APPLE WATCH SERIES 3 SILICONE NOIR 38 MM"},"content":{"rendered":"","protected":false},"excerpt":{"rendered":"<ul>\n<li>Nom commercial Watch Series 3<\/li>\n<li>Date de sortie 2017<\/li>\n<li>Poids 27 gr<\/li>\n<li>Mati\u00e8re du bracelet Silicone<\/li>\n<li>Couleur du bracelet Noir<\/li>\n<li>Couleur du bo\u00eetier Noir<\/li>\n<li>Fermoir Clip<\/li>\n<li>Forme du cadran Carr\u00e9<\/li>\n<li>Taille de l&rsquo;\u00e9cran 38 mm<\/li>\n<li>\u00c9cran tactile OUI<\/li>\n<li>\u00c9tanch\u00e9it\u00e9 50 m\u00e8tres<\/li>\n<li>Syst\u00e8me mobile support\u00e9 iOS<\/li>\n<li>Cellular NON<\/li>\n<li>Affichage des notifications OUI<\/li>\n<li>Capteur Altim\u00e8tre<\/li>\n<li>WI-FI int\u00e9gr\u00e9 OUI<\/li>\n<li>Bluetooth OUI<\/li>\n<li>Port USB NON<\/li>\n<li>Radio FM OUI<\/li>\n<li>Microphone int\u00e9gr\u00e9 OUI<\/li>\n<li>Haut-parleurs int\u00e9gr\u00e9s OUI<\/li>\n<li>Carte m\u00e9m. admise NON<\/li>\n<li>DAS t\u00eate* 0.003 W\/Kg<\/li>\n<li>DAS tronc* 0.023 W\/Kg<\/li>\n<li>DAS membre* 0.023 W\/Kg<\/li>\n<\/ul>\n","protected":false},"featured_media":1007,"template":"","meta":{"_et_pb_use_builder":"","_et_pb_old_content":"","_et_gb_content_width":""},"product_brand":[],"product_cat":[155],"product_tag":[],"class_list":{"0":"post-1006","1":"product","2":"type-product","3":"status-publish","4":"has-post-thumbnail","6":"product_cat-apple-watch","8":"first","9":"instock","10":"shipping-taxable","11":"purchasable","12":"product-type-simple"},"jetpack_sharing_enabled":true,"_links":{"self":[{"href":"https:\/\/groupe-national.fr\/index.php\/wp-json\/wp\/v2\/product\/1006","targetHints":{"allow":["GET"]}}],"collection":[{"href":"https:\/\/groupe-national.fr\/index.php\/wp-json\/wp\/v2\/product"}],"about":[{"href":"https:\/\/groupe-national.fr\/index.php\/wp-json\/wp\/v2\/types\/product"}],"wp:featuredmedia":[{"embeddable":true,"href":"https:\/\/groupe-national.fr\/index.php\/wp-json\/wp\/v2\/media\/1007"}],"wp:attachment":[{"href":"https:\/\/groupe-national.fr\/index.php\/wp-json\/wp\/v2\/media?parent=1006"}],"wp:term":[{"taxonomy":"product_brand","embeddable":true,"href":"https:\/\/groupe-national.fr\/index.php\/wp-json\/wp\/v2\/product_brand?post=1006"},{"taxonomy":"product_cat","embeddable":true,"href":"https:\/\/groupe-national.fr\/index.php\/wp-json\/wp\/v2\/product_cat?post=1006"},{"taxonomy":"product_tag","embeddable":true,"href":"https:\/\/groupe-national.fr\/index.php\/wp-json\/wp\/v2\/product_tag?post=1006"}],"curies":[{"name":"wp","href":"https:\/\/api.w.org\/{rel}","templated":true}]}}