{"id":1004,"date":"2024-01-24T18:10:09","date_gmt":"2024-01-24T17:10:09","guid":{"rendered":"https:\/\/groupe-national.fr\/?post_type=product&#038;p=1004"},"modified":"2024-01-24T21:36:16","modified_gmt":"2024-01-24T20:36:16","slug":"montre-connectee-apple-watch-se-caoutchouc-noir-40-mm","status":"publish","type":"product","link":"https:\/\/groupe-national.fr\/index.php\/produit\/montre-connectee-apple-watch-se-caoutchouc-noir-40-mm\/","title":{"rendered":"MONTRE CONNECT\u00c9E APPLE WATCH SE CAOUTCHOUC NOIR 40 MM"},"content":{"rendered":"","protected":false},"excerpt":{"rendered":"<ul>\n<li>Nom commercial Watch SE<\/li>\n<li>Date de sortie 2020<\/li>\n<li>Poids 30 gr<\/li>\n<li>Mati\u00e8re du bracelet Caoutchouc<\/li>\n<li>Couleur du bracelet Noir<\/li>\n<li>Couleur du bo\u00eetier Gris sid\u00e9ral<\/li>\n<li>Fermoir Boucle ardillon<\/li>\n<li>Forme du cadran Carr\u00e9<\/li>\n<li>Taille de l&rsquo;\u00e9cran 40 mm<\/li>\n<li>\u00c9cran tactile OUI<\/li>\n<li>\u00c9tanch\u00e9it\u00e9 50 m\u00e8tres<\/li>\n<li>Syst\u00e8me mobile support\u00e9 iOS<\/li>\n<li>Cellular NON<\/li>\n<li>Affichage des notifications OUI<\/li>\n<li>Capteur Capteur cardiaque, acc\u00e9l\u00e9rom\u00e8tre, gyroscoque, altim\u00e8tre<\/li>\n<li>WI-FI int\u00e9gr\u00e9 OUI<\/li>\n<li>Bluetooth OUI<\/li>\n<li>Port USB NON<\/li>\n<li>Radio FM NON<\/li>\n<li>Microphone int\u00e9gr\u00e9 OUI<\/li>\n<li>Haut-parleurs int\u00e9gr\u00e9s OUI<\/li>\n<li>Carte m\u00e9m. admise NON<\/li>\n<li>DAS t\u00eate* 0.200 W\/Kg<\/li>\n<li>DAS tronc* 0.300 W\/Kg<\/li>\n<li>DAS membre* 0.140 W\/Kg<\/li>\n<\/ul>\n","protected":false},"featured_media":987,"template":"","meta":{"_et_pb_use_builder":"","_et_pb_old_content":"","_et_gb_content_width":""},"product_brand":[],"product_cat":[155],"product_tag":[],"class_list":{"0":"post-1004","1":"product","2":"type-product","3":"status-publish","4":"has-post-thumbnail","6":"product_cat-apple-watch","8":"first","9":"instock","10":"shipping-taxable","11":"purchasable","12":"product-type-simple"},"jetpack_sharing_enabled":true,"_links":{"self":[{"href":"https:\/\/groupe-national.fr\/index.php\/wp-json\/wp\/v2\/product\/1004","targetHints":{"allow":["GET"]}}],"collection":[{"href":"https:\/\/groupe-national.fr\/index.php\/wp-json\/wp\/v2\/product"}],"about":[{"href":"https:\/\/groupe-national.fr\/index.php\/wp-json\/wp\/v2\/types\/product"}],"wp:featuredmedia":[{"embeddable":true,"href":"https:\/\/groupe-national.fr\/index.php\/wp-json\/wp\/v2\/media\/987"}],"wp:attachment":[{"href":"https:\/\/groupe-national.fr\/index.php\/wp-json\/wp\/v2\/media?parent=1004"}],"wp:term":[{"taxonomy":"product_brand","embeddable":true,"href":"https:\/\/groupe-national.fr\/index.php\/wp-json\/wp\/v2\/product_brand?post=1004"},{"taxonomy":"product_cat","embeddable":true,"href":"https:\/\/groupe-national.fr\/index.php\/wp-json\/wp\/v2\/product_cat?post=1004"},{"taxonomy":"product_tag","embeddable":true,"href":"https:\/\/groupe-national.fr\/index.php\/wp-json\/wp\/v2\/product_tag?post=1004"}],"curies":[{"name":"wp","href":"https:\/\/api.w.org\/{rel}","templated":true}]}}