{"id":2308,"date":"2025-12-12T09:50:53","date_gmt":"2025-12-12T08:50:53","guid":{"rendered":"https:\/\/groupe-national.fr\/?page_id=2308"},"modified":"2025-12-16T09:20:48","modified_gmt":"2025-12-16T08:20:48","slug":"logistique","status":"publish","type":"page","link":"https:\/\/groupe-national.fr\/index.php\/logistique\/","title":{"rendered":"Logistique"},"content":{"rendered":"<p>[et_pb_section fb_built=\u00a0\u00bb1&Prime; _builder_version=\u00a0\u00bb4.24.0&Prime; _module_preset=\u00a0\u00bbdefault\u00a0\u00bb custom_padding=\u00a0\u00bb0px||0px|||\u00a0\u00bb global_colors_info=\u00a0\u00bb{}\u00a0\u00bb][et_pb_row column_structure=\u00a0\u00bb1_2,1_2&Prime; _builder_version=\u00a0\u00bb4.24.0&Prime; _module_preset=\u00a0\u00bbdefault\u00a0\u00bb custom_padding=\u00a0\u00bb||0px|||\u00a0\u00bb global_colors_info=\u00a0\u00bb{}\u00a0\u00bb][et_pb_column type=\u00a0\u00bb1_2&Prime; _builder_version=\u00a0\u00bb4.24.0&Prime; _module_preset=\u00a0\u00bbdefault\u00a0\u00bb global_colors_info=\u00a0\u00bb{}\u00a0\u00bb][et_pb_text _builder_version=\u00a0\u00bb4.24.0&Prime; _module_preset=\u00a0\u00bbdefault\u00a0\u00bb text_font_size=\u00a0\u00bb24px\u00a0\u00bb hover_enabled=\u00a0\u00bb0&Prime; global_colors_info=\u00a0\u00bb{}\u00a0\u00bb sticky_enabled=\u00a0\u00bb0&Prime;]<\/p>\n<p><span style=\"color: #2e3192; font-size: xx-large;\"><strong>Logistique &amp; Gestion des Flux<\/strong><\/span><\/p>\n<p>[\/et_pb_text][\/et_pb_column][et_pb_column type=\u00a0\u00bb1_2&Prime; _builder_version=\u00a0\u00bb4.24.0&Prime; _module_preset=\u00a0\u00bbdefault\u00a0\u00bb global_colors_info=\u00a0\u00bb{}\u00a0\u00bb][\/et_pb_column][\/et_pb_row][\/et_pb_section][et_pb_section fb_built=\u00a0\u00bb1&Prime; _builder_version=\u00a0\u00bb4.24.0&Prime; _module_preset=\u00a0\u00bbdefault\u00a0\u00bb custom_padding=\u00a0\u00bb0px||0px|||\u00a0\u00bb global_colors_info=\u00a0\u00bb{}\u00a0\u00bb][et_pb_row _builder_version=\u00a0\u00bb4.24.0&Prime; _module_preset=\u00a0\u00bbdefault\u00a0\u00bb global_colors_info=\u00a0\u00bb{}\u00a0\u00bb][et_pb_column type=\u00a0\u00bb4_4&Prime; _builder_version=\u00a0\u00bb4.24.0&Prime; _module_preset=\u00a0\u00bbdefault\u00a0\u00bb global_colors_info=\u00a0\u00bb{}\u00a0\u00bb][et_pb_image src=\u00a0\u00bbhttps:\/\/groupe-national.fr\/wp-content\/uploads\/2025\/12\/ChatGPT-Image-12-dec.-2025-10_16_48.jpg\u00a0\u00bb align=\u00a0\u00bbcenter\u00a0\u00bb _builder_version=\u00a0\u00bb4.24.0&Prime; _module_preset=\u00a0\u00bbdefault\u00a0\u00bb global_colors_info=\u00a0\u00bb{}\u00a0\u00bb][\/et_pb_image][\/et_pb_column][\/et_pb_row][et_pb_row _builder_version=\u00a0\u00bb4.24.0&Prime; _module_preset=\u00a0\u00bbdefault\u00a0\u00bb column_structure=\u00a0\u00bb1_2,1_2&Prime;][et_pb_column _builder_version=\u00a0\u00bb4.24.0&Prime; _module_preset=\u00a0\u00bbdefault\u00a0\u00bb type=\u00a0\u00bb1_2&Prime;][et_pb_text _builder_version=\u00a0\u00bb4.24.0&Prime; _module_preset=\u00a0\u00bbdefault\u00a0\u00bb hover_enabled=\u00a0\u00bb0&Prime; sticky_enabled=\u00a0\u00bb0&Prime;]<\/p>\n<p><span style=\"color: #000000;\">Nous proposons des solutions logistiques compl\u00e8tes et sur mesure, adapt\u00e9es aux exigences de votre activit\u00e9. De la r\u00e9ception des marchandises \u00e0 la livraison finale, nous assurons une gestion fluide, s\u00e9curis\u00e9e et optimis\u00e9e de l\u2019ensemble de la cha\u00eene logistique.<\/span><br \/><span style=\"color: #000000;\"><\/span><\/p>\n<p><strong><span style=\"color: #000000;\">Nos services logistiques incluent :<\/span><\/strong><br \/><span style=\"color: #000000;\"><\/span><\/p>\n<ul>\n<li><span style=\"color: #000000;\">R\u00e9ception, contr\u00f4le et stockage des marchandises<\/span><br \/><span style=\"color: #000000;\"><\/span><\/li>\n<li><span style=\"color: #000000;\">Gestion des stocks en temps r\u00e9el<\/span><br \/><span style=\"color: #000000;\"><\/span><\/li>\n<li><span style=\"color: #000000;\">Pr\u00e9paration des commandes (picking, emballage, \u00e9tiquetage)<\/span><br \/><span style=\"color: #000000;\"><\/span><\/li>\n<li><span style=\"color: #000000;\">Exp\u00e9dition et suivi des livraisons<\/span><br \/><span style=\"color: #000000;\"><\/span><\/li>\n<li><span style=\"color: #000000;\">Gestion des retours et des flux inverses<\/span><br \/><span style=\"color: #000000;\"><\/span><span style=\"color: #000000;\"><\/span><span style=\"color: #000000;\"><\/span><\/li>\n<\/ul>\n<p><span style=\"color: #000000;\">Gr\u00e2ce \u00e0 des outils performants et \u00e0 une organisation rigoureuse, nous garantissons des d\u00e9lais ma\u00eetris\u00e9s, une tra\u00e7abilit\u00e9 optimale et une r\u00e9duction des co\u00fbts logistiques. Notre \u00e9quipe exp\u00e9riment\u00e9e s\u2019engage \u00e0 offrir un service fiable, flexible et r\u00e9actif, afin d\u2019accompagner durablement votre croissance.<\/span><\/p>\n<p>[\/et_pb_text][\/et_pb_column][et_pb_column _builder_version=\u00a0\u00bb4.24.0&Prime; _module_preset=\u00a0\u00bbdefault\u00a0\u00bb type=\u00a0\u00bb1_2&Prime;][et_pb_image src=\u00a0\u00bbhttps:\/\/groupe-national.fr\/wp-content\/uploads\/2025\/12\/logo_1695953920287.png\u00a0\u00bb _builder_version=\u00a0\u00bb4.24.0&Prime; _module_preset=\u00a0\u00bbdefault\u00a0\u00bb global_colors_info=\u00a0\u00bb{}\u00a0\u00bb][\/et_pb_image][\/et_pb_column][\/et_pb_row][\/et_pb_section][et_pb_section fb_built=\u00a0\u00bb1&Prime; _builder_version=\u00a0\u00bb4.24.0&Prime; _module_preset=\u00a0\u00bbdefault\u00a0\u00bb custom_padding=\u00a0\u00bb0px||0px|||\u00a0\u00bb global_colors_info=\u00a0\u00bb{}\u00a0\u00bb][et_pb_row _builder_version=\u00a0\u00bb4.24.0&Prime; _module_preset=\u00a0\u00bbdefault\u00a0\u00bb custom_padding=\u00a0\u00bb||0px|||\u00a0\u00bb global_colors_info=\u00a0\u00bb{}\u00a0\u00bb][et_pb_column type=\u00a0\u00bb4_4&Prime; _builder_version=\u00a0\u00bb4.24.0&Prime; _module_preset=\u00a0\u00bbdefault\u00a0\u00bb global_colors_info=\u00a0\u00bb{}\u00a0\u00bb][et_pb_image src=\u00a0\u00bbhttps:\/\/groupe-national.fr\/wp-content\/uploads\/2024\/01\/fefe.png\u00a0\u00bb title_text=\u00a0\u00bbfefe\u00a0\u00bb _builder_version=\u00a0\u00bb4.24.0&Prime; _module_preset=\u00a0\u00bbdefault\u00a0\u00bb custom_margin=\u00a0\u00bb-28px|||||\u00a0\u00bb global_colors_info=\u00a0\u00bb{}\u00a0\u00bb][\/et_pb_image][\/et_pb_column][\/et_pb_row][\/et_pb_section]<\/p>\n","protected":false},"excerpt":{"rendered":"<p>Logistique &amp; Gestion des FluxNous proposons des solutions logistiques compl\u00e8tes et sur mesure, adapt\u00e9es aux exigences de votre activit\u00e9. De la r\u00e9ception des marchandises \u00e0 la livraison finale, nous assurons une gestion fluide, s\u00e9curis\u00e9e et optimis\u00e9e de l\u2019ensemble de la cha\u00eene logistique. Nos services logistiques incluent : R\u00e9ception, contr\u00f4le et stockage des marchandises Gestion des [&hellip;]<\/p>\n","protected":false},"author":1,"featured_media":0,"parent":0,"menu_order":0,"comment_status":"closed","ping_status":"closed","template":"","meta":{"_et_pb_use_builder":"on","_et_pb_old_content":"<!-- wp:divi\/placeholder \/-->","_et_gb_content_width":"","footnotes":""},"class_list":["post-2308","page","type-page","status-publish","hentry"],"jetpack_sharing_enabled":true,"_links":{"self":[{"href":"https:\/\/groupe-national.fr\/index.php\/wp-json\/wp\/v2\/pages\/2308","targetHints":{"allow":["GET"]}}],"collection":[{"href":"https:\/\/groupe-national.fr\/index.php\/wp-json\/wp\/v2\/pages"}],"about":[{"href":"https:\/\/groupe-national.fr\/index.php\/wp-json\/wp\/v2\/types\/page"}],"author":[{"embeddable":true,"href":"https:\/\/groupe-national.fr\/index.php\/wp-json\/wp\/v2\/users\/1"}],"replies":[{"embeddable":true,"href":"https:\/\/groupe-national.fr\/index.php\/wp-json\/wp\/v2\/comments?post=2308"}],"version-history":[{"count":5,"href":"https:\/\/groupe-national.fr\/index.php\/wp-json\/wp\/v2\/pages\/2308\/revisions"}],"predecessor-version":[{"id":2332,"href":"https:\/\/groupe-national.fr\/index.php\/wp-json\/wp\/v2\/pages\/2308\/revisions\/2332"}],"wp:attachment":[{"href":"https:\/\/groupe-national.fr\/index.php\/wp-json\/wp\/v2\/media?parent=2308"}],"curies":[{"name":"wp","href":"https:\/\/api.w.org\/{rel}","templated":true}]}}