{"id":139,"date":"2024-01-16T14:44:52","date_gmt":"2024-01-16T13:44:52","guid":{"rendered":"https:\/\/groupe-national.fr\/?page_id=139"},"modified":"2024-02-05T09:39:40","modified_gmt":"2024-02-05T08:39:40","slug":"accueil","status":"publish","type":"page","link":"https:\/\/groupe-national.fr\/","title":{"rendered":"Accueil"},"content":{"rendered":"<p>[et_pb_section fb_built=\u00a0\u00bb1&Prime; _builder_version=\u00a0\u00bb4.23.4&Prime; _module_preset=\u00a0\u00bbdefault\u00a0\u00bb background_color=\u00a0\u00bb#f1f1f1&Prime; custom_padding=\u00a0\u00bb10px||0px|||\u00a0\u00bb global_colors_info=\u00a0\u00bb{}\u00a0\u00bb][et_pb_row column_structure=\u00a0\u00bb1_2,1_2&Prime; _builder_version=\u00a0\u00bb4.23.4&Prime; _module_preset=\u00a0\u00bbdefault\u00a0\u00bb global_colors_info=\u00a0\u00bb{}\u00a0\u00bb][et_pb_column type=\u00a0\u00bb1_2&Prime; _builder_version=\u00a0\u00bb4.23.4&Prime; _module_preset=\u00a0\u00bbdefault\u00a0\u00bb global_colors_info=\u00a0\u00bb{}\u00a0\u00bb][et_pb_image src=\u00a0\u00bbhttps:\/\/groupe-national.fr\/wp-content\/uploads\/2024\/01\/tuile-1-570&#215;570-sans-cta.webp\u00a0\u00bb title_text=\u00a0\u00bbtuile-1-570&#215;570-sans-cta\u00a0\u00bb _builder_version=\u00a0\u00bb4.23.4&Prime; _module_preset=\u00a0\u00bbdefault\u00a0\u00bb global_colors_info=\u00a0\u00bb{}\u00a0\u00bb][\/et_pb_image][\/et_pb_column][et_pb_column type=\u00a0\u00bb1_2&Prime; _builder_version=\u00a0\u00bb4.23.4&Prime; _module_preset=\u00a0\u00bbdefault\u00a0\u00bb global_colors_info=\u00a0\u00bb{}\u00a0\u00bb][et_pb_image src=\u00a0\u00bbhttps:\/\/groupe-national.fr\/wp-content\/uploads\/2024\/01\/tuile-2-270&#215;270-reprise-jeu-video.webp\u00a0\u00bb title_text=\u00a0\u00bbtuile-2-270&#215;270-reprise-jeu-video\u00a0\u00bb _builder_version=\u00a0\u00bb4.23.4&Prime; _module_preset=\u00a0\u00bbdefault\u00a0\u00bb width=\u00a0\u00bb47%\u00a0\u00bb global_colors_info=\u00a0\u00bb{}\u00a0\u00bb][\/et_pb_image][et_pb_image src=\u00a0\u00bbhttps:\/\/groupe-national.fr\/wp-content\/uploads\/2024\/01\/tuile-4-270&#215;270-avis-client.webp\u00a0\u00bb title_text=\u00a0\u00bbtuile-4-270&#215;270-avis-client\u00a0\u00bb _builder_version=\u00a0\u00bb4.23.4&Prime; _module_preset=\u00a0\u00bbdefault\u00a0\u00bb width=\u00a0\u00bb47%\u00a0\u00bb global_colors_info=\u00a0\u00bb{}\u00a0\u00bb][\/et_pb_image][\/et_pb_column][\/et_pb_row][\/et_pb_section][et_pb_section fb_built=\u00a0\u00bb1&Prime; _builder_version=\u00a0\u00bb4.23.4&Prime; _module_preset=\u00a0\u00bbdefault\u00a0\u00bb custom_padding=\u00a0\u00bb10px||0px|||\u00a0\u00bb global_colors_info=\u00a0\u00bb{}\u00a0\u00bb][et_pb_row _builder_version=\u00a0\u00bb4.23.4&Prime; _module_preset=\u00a0\u00bbdefault\u00a0\u00bb custom_padding=\u00a0\u00bb||0px|||\u00a0\u00bb global_colors_info=\u00a0\u00bb{}\u00a0\u00bb][et_pb_column type=\u00a0\u00bb4_4&Prime; _builder_version=\u00a0\u00bb4.23.4&Prime; _module_preset=\u00a0\u00bbdefault\u00a0\u00bb global_colors_info=\u00a0\u00bb{}\u00a0\u00bb][et_pb_text _builder_version=\u00a0\u00bb4.24.0&Prime; _module_preset=\u00a0\u00bbdefault\u00a0\u00bb text_font_size=\u00a0\u00bb23px\u00a0\u00bb hover_enabled=\u00a0\u00bb0&Prime; global_colors_info=\u00a0\u00bb{}\u00a0\u00bb sticky_enabled=\u00a0\u00bb0&Prime;]<\/p>\n<p><strong><span style=\"color: #000000;\">BYTE MARKET : VOTRE SOURCE FIABLE POUR LES <\/span><span style=\"color: #ff002d;\">DERNIERES TENDANCES TECHNOLOGIQUES<\/span><\/strong><\/p>\n<p>[\/et_pb_text][\/et_pb_column][\/et_pb_row][et_pb_row _builder_version=\u00a0\u00bb4.23.4&Prime; _module_preset=\u00a0\u00bbdefault\u00a0\u00bb custom_padding=\u00a0\u00bb||0px|||\u00a0\u00bb global_colors_info=\u00a0\u00bb{}\u00a0\u00bb][et_pb_column type=\u00a0\u00bb4_4&Prime; _builder_version=\u00a0\u00bb4.23.4&Prime; _module_preset=\u00a0\u00bbdefault\u00a0\u00bb global_colors_info=\u00a0\u00bb{}\u00a0\u00bb][et_pb_shop type=\u00a0\u00bbproduct_category\u00a0\u00bb include_categories=\u00a0\u00bb27&Prime; _builder_version=\u00a0\u00bb4.23.4&Prime; _module_preset=\u00a0\u00bbdefault\u00a0\u00bb global_colors_info=\u00a0\u00bb{}\u00a0\u00bb][\/et_pb_shop][\/et_pb_column][\/et_pb_row][et_pb_row _builder_version=\u00a0\u00bb4.23.4&Prime; _module_preset=\u00a0\u00bbdefault\u00a0\u00bb custom_padding=\u00a0\u00bb||0px|||\u00a0\u00bb global_colors_info=\u00a0\u00bb{}\u00a0\u00bb][et_pb_column type=\u00a0\u00bb4_4&Prime; _builder_version=\u00a0\u00bb4.23.4&Prime; _module_preset=\u00a0\u00bbdefault\u00a0\u00bb global_colors_info=\u00a0\u00bb{}\u00a0\u00bb][et_pb_text _builder_version=\u00a0\u00bb4.24.0&Prime; _module_preset=\u00a0\u00bbdefault\u00a0\u00bb text_font_size=\u00a0\u00bb23px\u00a0\u00bb hover_enabled=\u00a0\u00bb0&Prime; global_colors_info=\u00a0\u00bb{}\u00a0\u00bb sticky_enabled=\u00a0\u00bb0&Prime;]<\/p>\n<p><strong><span style=\"color: #000000;\">POUR LES<\/span> <span style=\"color: #ff002d;\">APPLE ADDICTS<\/span><\/strong><\/p>\n<p>[\/et_pb_text][et_pb_shop type=\u00a0\u00bbproduct_category\u00a0\u00bb posts_number=\u00a0\u00bb20&Prime; include_categories=\u00a0\u00bb159,64,155&Prime; _builder_version=\u00a0\u00bb4.24.0&Prime; _module_preset=\u00a0\u00bbdefault\u00a0\u00bb global_colors_info=\u00a0\u00bb{}\u00a0\u00bb][\/et_pb_shop][\/et_pb_column][\/et_pb_row][et_pb_row _builder_version=\u00a0\u00bb4.23.4&Prime; _module_preset=\u00a0\u00bbdefault\u00a0\u00bb custom_padding=\u00a0\u00bb0px||0px|||\u00a0\u00bb global_colors_info=\u00a0\u00bb{}\u00a0\u00bb][et_pb_column type=\u00a0\u00bb4_4&Prime; _builder_version=\u00a0\u00bb4.23.4&Prime; _module_preset=\u00a0\u00bbdefault\u00a0\u00bb global_colors_info=\u00a0\u00bb{}\u00a0\u00bb][et_pb_text _builder_version=\u00a0\u00bb4.24.0&Prime; _module_preset=\u00a0\u00bbdefault\u00a0\u00bb text_font_size=\u00a0\u00bb23px\u00a0\u00bb hover_enabled=\u00a0\u00bb0&Prime; global_colors_info=\u00a0\u00bb{}\u00a0\u00bb sticky_enabled=\u00a0\u00bb0&Prime;]<\/p>\n<p><strong><span style=\"color: #000000;\">UNIVERS<\/span> <span style=\"color: #ff002d;\">CONSOLES<\/span><\/strong><\/p>\n<p>[\/et_pb_text][\/et_pb_column][\/et_pb_row][et_pb_row _builder_version=\u00a0\u00bb4.23.4&Prime; _module_preset=\u00a0\u00bbdefault\u00a0\u00bb global_colors_info=\u00a0\u00bb{}\u00a0\u00bb][et_pb_column type=\u00a0\u00bb4_4&Prime; _builder_version=\u00a0\u00bb4.23.4&Prime; _module_preset=\u00a0\u00bbdefault\u00a0\u00bb global_colors_info=\u00a0\u00bb{}\u00a0\u00bb][et_pb_shop type=\u00a0\u00bbproduct_category\u00a0\u00bb posts_number=\u00a0\u00bb20&Prime; include_categories=\u00a0\u00bb139,126,142&Prime; _builder_version=\u00a0\u00bb4.24.0&Prime; _module_preset=\u00a0\u00bbdefault\u00a0\u00bb custom_margin=\u00a0\u00bb||3px|||\u00a0\u00bb global_colors_info=\u00a0\u00bb{}\u00a0\u00bb][\/et_pb_shop][et_pb_text _builder_version=\u00a0\u00bb4.24.0&Prime; _module_preset=\u00a0\u00bbdefault\u00a0\u00bb text_font_size=\u00a0\u00bb23px\u00a0\u00bb hover_enabled=\u00a0\u00bb0&Prime; global_colors_info=\u00a0\u00bb{}\u00a0\u00bb sticky_enabled=\u00a0\u00bb0&Prime;]<\/p>\n<p><strong><span style=\"color: #000000;\">LES DERNIERS JEUX VID\u00c9O<\/span> <span style=\"color: #ff002d;\">D\u00c9J\u00c0 CHEZ NOUS<\/span><\/strong><\/p>\n<p>[\/et_pb_text][\/et_pb_column][\/et_pb_row][et_pb_row _builder_version=\u00a0\u00bb4.23.4&Prime; _module_preset=\u00a0\u00bbdefault\u00a0\u00bb custom_padding=\u00a0\u00bb||0px|||\u00a0\u00bb global_colors_info=\u00a0\u00bb{}\u00a0\u00bb][et_pb_column type=\u00a0\u00bb4_4&Prime; _builder_version=\u00a0\u00bb4.23.4&Prime; _module_preset=\u00a0\u00bbdefault\u00a0\u00bb global_colors_info=\u00a0\u00bb{}\u00a0\u00bb][et_pb_shop type=\u00a0\u00bbproduct_category\u00a0\u00bb include_categories=\u00a0\u00bb85&Prime; _builder_version=\u00a0\u00bb4.24.0&Prime; _module_preset=\u00a0\u00bbdefault\u00a0\u00bb global_colors_info=\u00a0\u00bb{}\u00a0\u00bb][\/et_pb_shop][\/et_pb_column][\/et_pb_row][et_pb_row _builder_version=\u00a0\u00bb4.23.4&Prime; _module_preset=\u00a0\u00bbdefault\u00a0\u00bb global_colors_info=\u00a0\u00bb{}\u00a0\u00bb][et_pb_column type=\u00a0\u00bb4_4&Prime; _builder_version=\u00a0\u00bb4.23.4&Prime; _module_preset=\u00a0\u00bbdefault\u00a0\u00bb global_colors_info=\u00a0\u00bb{}\u00a0\u00bb][et_pb_text _builder_version=\u00a0\u00bb4.24.0&Prime; _module_preset=\u00a0\u00bbdefault\u00a0\u00bb text_font_size=\u00a0\u00bb23px\u00a0\u00bb hover_enabled=\u00a0\u00bb0&Prime; global_colors_info=\u00a0\u00bb{}\u00a0\u00bb sticky_enabled=\u00a0\u00bb0&Prime;]<\/p>\n<p><strong><span style=\"color: #000000;\">DERNI\u00c8RE CHANCE<\/span> <span style=\"color: #ff002d;\">MONTRES CONNECT\u00c9ES<\/span><\/strong><\/p>\n<p>[\/et_pb_text][et_pb_shop type=\u00a0\u00bbproduct_category\u00a0\u00bb include_categories=\u00a0\u00bb162&Prime; _builder_version=\u00a0\u00bb4.24.0&Prime; _module_preset=\u00a0\u00bbdefault\u00a0\u00bb global_colors_info=\u00a0\u00bb{}\u00a0\u00bb][\/et_pb_shop][\/et_pb_column][\/et_pb_row][et_pb_row _builder_version=\u00a0\u00bb4.24.0&Prime; _module_preset=\u00a0\u00bbdefault\u00a0\u00bb global_colors_info=\u00a0\u00bb{}\u00a0\u00bb][et_pb_column type=\u00a0\u00bb4_4&Prime; _builder_version=\u00a0\u00bb4.24.0&Prime; _module_preset=\u00a0\u00bbdefault\u00a0\u00bb global_colors_info=\u00a0\u00bb{}\u00a0\u00bb][et_pb_text _builder_version=\u00a0\u00bb4.24.0&Prime; _module_preset=\u00a0\u00bbdefault\u00a0\u00bb text_font_size=\u00a0\u00bb23px\u00a0\u00bb hover_enabled=\u00a0\u00bb0&Prime; global_colors_info=\u00a0\u00bb{}\u00a0\u00bb sticky_enabled=\u00a0\u00bb0&Prime;]<\/p>\n<p><strong><span style=\"color: #000000;\">NOS MARQUES<\/span> <span style=\"color: #ff002d;\">NOS MARQUES<\/span><\/strong><\/p>\n<p>[\/et_pb_text][\/et_pb_column][\/et_pb_row][et_pb_row column_structure=\u00a0\u00bb1_6,1_6,1_6,1_6,1_6,1_6&Prime; _builder_version=\u00a0\u00bb4.24.0&Prime; _module_preset=\u00a0\u00bbdefault\u00a0\u00bb custom_padding=\u00a0\u00bb0px||0px|||\u00a0\u00bb global_colors_info=\u00a0\u00bb{}\u00a0\u00bb][et_pb_column type=\u00a0\u00bb1_6&Prime; _builder_version=\u00a0\u00bb4.24.0&Prime; _module_preset=\u00a0\u00bbdefault\u00a0\u00bb global_colors_info=\u00a0\u00bb{}\u00a0\u00bb][et_pb_image src=\u00a0\u00bbhttps:\/\/groupe-national.fr\/wp-content\/uploads\/2024\/01\/apple-logo.webp\u00a0\u00bb title_text=\u00a0\u00bbapple-logo\u00a0\u00bb _builder_version=\u00a0\u00bb4.24.0&Prime; _module_preset=\u00a0\u00bbdefault\u00a0\u00bb global_colors_info=\u00a0\u00bb{}\u00a0\u00bb][\/et_pb_image][\/et_pb_column][et_pb_column type=\u00a0\u00bb1_6&Prime; _builder_version=\u00a0\u00bb4.24.0&Prime; _module_preset=\u00a0\u00bbdefault\u00a0\u00bb global_colors_info=\u00a0\u00bb{}\u00a0\u00bb][et_pb_image src=\u00a0\u00bbhttps:\/\/groupe-national.fr\/wp-content\/uploads\/2024\/01\/logo-sony.webp\u00a0\u00bb title_text=\u00a0\u00bblogo-sony\u00a0\u00bb _builder_version=\u00a0\u00bb4.24.0&Prime; _module_preset=\u00a0\u00bbdefault\u00a0\u00bb global_colors_info=\u00a0\u00bb{}\u00a0\u00bb][\/et_pb_image][\/et_pb_column][et_pb_column type=\u00a0\u00bb1_6&Prime; _builder_version=\u00a0\u00bb4.24.0&Prime; _module_preset=\u00a0\u00bbdefault\u00a0\u00bb global_colors_info=\u00a0\u00bb{}\u00a0\u00bb][et_pb_image src=\u00a0\u00bbhttps:\/\/groupe-national.fr\/wp-content\/uploads\/2024\/01\/microsoft-logo.webp\u00a0\u00bb title_text=\u00a0\u00bbmicrosoft-logo\u00a0\u00bb _builder_version=\u00a0\u00bb4.24.0&Prime; _module_preset=\u00a0\u00bbdefault\u00a0\u00bb global_colors_info=\u00a0\u00bb{}\u00a0\u00bb][\/et_pb_image][\/et_pb_column][et_pb_column type=\u00a0\u00bb1_6&Prime; _builder_version=\u00a0\u00bb4.24.0&Prime; _module_preset=\u00a0\u00bbdefault\u00a0\u00bb global_colors_info=\u00a0\u00bb{}\u00a0\u00bb][et_pb_image src=\u00a0\u00bbhttps:\/\/groupe-national.fr\/wp-content\/uploads\/2024\/01\/samsung-logo.webp\u00a0\u00bb title_text=\u00a0\u00bbsamsung-logo\u00a0\u00bb _builder_version=\u00a0\u00bb4.24.0&Prime; _module_preset=\u00a0\u00bbdefault\u00a0\u00bb global_colors_info=\u00a0\u00bb{}\u00a0\u00bb][\/et_pb_image][\/et_pb_column][et_pb_column type=\u00a0\u00bb1_6&Prime; _builder_version=\u00a0\u00bb4.24.0&Prime; _module_preset=\u00a0\u00bbdefault\u00a0\u00bb global_colors_info=\u00a0\u00bb{}\u00a0\u00bb][et_pb_image src=\u00a0\u00bbhttps:\/\/groupe-national.fr\/wp-content\/uploads\/2024\/01\/nintendo-logo.webp\u00a0\u00bb title_text=\u00a0\u00bbnintendo-logo\u00a0\u00bb _builder_version=\u00a0\u00bb4.24.0&Prime; _module_preset=\u00a0\u00bbdefault\u00a0\u00bb global_colors_info=\u00a0\u00bb{}\u00a0\u00bb][\/et_pb_image][\/et_pb_column][et_pb_column type=\u00a0\u00bb1_6&Prime; _builder_version=\u00a0\u00bb4.24.0&Prime; _module_preset=\u00a0\u00bbdefault\u00a0\u00bb global_colors_info=\u00a0\u00bb{}\u00a0\u00bb][et_pb_image src=\u00a0\u00bbhttps:\/\/groupe-national.fr\/wp-content\/uploads\/2024\/01\/xaomi-logo.webp\u00a0\u00bb title_text=\u00a0\u00bbxaomi-logo\u00a0\u00bb _builder_version=\u00a0\u00bb4.24.0&Prime; _module_preset=\u00a0\u00bbdefault\u00a0\u00bb global_colors_info=\u00a0\u00bb{}\u00a0\u00bb][\/et_pb_image][\/et_pb_column][\/et_pb_row][et_pb_row _builder_version=\u00a0\u00bb4.23.4&Prime; _module_preset=\u00a0\u00bbdefault\u00a0\u00bb global_colors_info=\u00a0\u00bb{}\u00a0\u00bb][et_pb_column type=\u00a0\u00bb4_4&Prime; _builder_version=\u00a0\u00bb4.23.4&Prime; _module_preset=\u00a0\u00bbdefault\u00a0\u00bb global_colors_info=\u00a0\u00bb{}\u00a0\u00bb][et_pb_text _builder_version=\u00a0\u00bb4.24.0&Prime; _module_preset=\u00a0\u00bbdefault\u00a0\u00bb text_font_size=\u00a0\u00bb23px\u00a0\u00bb hover_enabled=\u00a0\u00bb0&Prime; global_colors_info=\u00a0\u00bb{}\u00a0\u00bb sticky_enabled=\u00a0\u00bb0&Prime;]<\/p>\n<p><strong><span style=\"color: #000000;\">A PROPOS DU GROUPE<\/span>\u00a0<span style=\"color: #ff002d;\">NATIONAL BYTE MARKET<\/span><\/strong><\/p>\n<p>[\/et_pb_text][et_pb_text _builder_version=\u00a0\u00bb4.24.0&Prime; _module_preset=\u00a0\u00bbdefault\u00a0\u00bb global_colors_info=\u00a0\u00bb{}\u00a0\u00bb]<\/p>\n<p style=\"text-align: justify;\"><span style=\"color: #000000;\">Bienvenue chez Groupe National, votre partenaire de confiance pour toutes vos besoins en produits de qualit\u00e9. Depuis notre cr\u00e9ation, nous nous sommes engag\u00e9s \u00e0 fournir \u00e0 nos clients des solutions innovantes et fiables pour r\u00e9pondre \u00e0 leurs exigences sp\u00e9cifiques.<\/span><\/p>\n<p style=\"text-align: justify;\"><span style=\"font-size: large;\"><strong><span style=\"color: #000000;\">Notre Mission<\/span><\/strong><\/span><br \/><span style=\"color: #000000;\">Chez Groupe National, notre mission est claire : offrir une gamme compl\u00e8te de produits de qualit\u00e9 sup\u00e9rieure tout en garantissant un service client exceptionnel. Nous croyons fermement en l&rsquo;importance de comprendre les besoins uniques de chaque client et en travaillant en \u00e9troite collaboration avec eux pour trouver les solutions les plus adapt\u00e9es.<\/span><\/p>\n<p style=\"text-align: justify;\"><span style=\"font-size: large;\"><strong><span style=\"color: #000000;\">Notre Gamme de Produits<\/span><\/strong><\/span><br \/><span style=\"color: #000000;\">Nous proposons une vaste s\u00e9lection de produits de haute qualit\u00e9 dans divers domaines, notamment :<\/span><\/p>\n<p style=\"text-align: justify;\"><strong><span style=\"color: #000000;\">\u00c9lectronique grand public<\/span><\/strong><br \/><strong><span style=\"color: #000000;\">\u00c9quipements informatiques<\/span><\/strong><br \/><strong><span style=\"color: #000000;\">Appareils \u00e9lectrom\u00e9nagers<\/span><\/strong><br \/><strong><span style=\"color: #000000;\">Articles de sport et de loisirs<\/span><\/strong><br \/><strong><span style=\"color: #000000;\">Outils et \u00e9quipements industriels<\/span><\/strong><br \/><span style=\"color: #000000;\">Quel que soit le secteur d&rsquo;activit\u00e9 ou les exigences sp\u00e9cifiques de votre entreprise, nous avons les produits dont vous avez besoin pour r\u00e9ussir.<\/span><\/p>\n<p style=\"text-align: justify;\"><span style=\"font-size: large;\"><strong><span style=\"color: #000000;\">Notre Engagement envers la Qualit\u00e9<\/span><\/strong><\/span><br \/><span style=\"color: #000000;\">La qualit\u00e9 est au c\u0153ur de tout ce que nous faisons chez Groupe National. Nous travaillons uniquement avec des fournisseurs r\u00e9put\u00e9s et nous nous assurons que chaque produit r\u00e9pond aux normes les plus strictes de qualit\u00e9 et de fiabilit\u00e9. Vous pouvez donc avoir une totale confiance dans les produits que vous achetez chez nous.<\/span><\/p>\n<p style=\"text-align: justify;\"><span style=\"font-size: large;\"><strong><span style=\"color: #000000;\">Service Client\u00e8le Exceptionnel<\/span><\/strong><\/span><br \/><span style=\"color: #000000;\">Chez Groupe National, nous mettons un point d&rsquo;honneur \u00e0 offrir un service client\u00e8le exceptionnel \u00e0 chaque \u00e9tape de votre parcours d&rsquo;achat. Notre \u00e9quipe d\u00e9vou\u00e9e est l\u00e0 pour r\u00e9pondre \u00e0 toutes vos questions, vous guider dans vos choix de produits et vous fournir une assistance apr\u00e8s-vente rapide et efficace.<\/span><\/p>\n<p style=\"text-align: justify;\"><span style=\"font-size: large;\"><strong><span style=\"color: #000000;\">Contactez-nous d\u00e8s aujourd&rsquo;hui<\/span><\/strong><\/span><br \/><span style=\"color: #000000;\">Que vous soyez une petite entreprise, une grande corporation ou un consommateur individuel, Groupe National est l\u00e0 pour vous servir. Contactez-nous d\u00e8s aujourd&rsquo;hui pour d\u00e9couvrir comment nous pouvons r\u00e9pondre \u00e0 vos besoins en produits de qualit\u00e9.<\/span><\/p>\n<p style=\"text-align: justify;\"><span style=\"color: #000000;\">Merci de votre int\u00e9r\u00eat pour Groupe National. Nous sommes impatients de travailler avec vous et de vous aider \u00e0 atteindre vos objectifs commerciaux.<\/span><\/p>\n<p>[\/et_pb_text][\/et_pb_column][\/et_pb_row][\/et_pb_section]<\/p>\n","protected":false},"excerpt":{"rendered":"<p>BYTE MARKET : VOTRE SOURCE FIABLE POUR LES DERNIERES TENDANCES TECHNOLOGIQUESPOUR LES APPLE ADDICTSUNIVERS CONSOLESLES DERNIERS JEUX VID\u00c9O D\u00c9J\u00c0 CHEZ NOUSDERNI\u00c8RE CHANCE MONTRES CONNECT\u00c9ESNOS MARQUES NOS MARQUESA PROPOS DU GROUPE\u00a0NATIONAL BYTE MARKETBienvenue chez Groupe National, votre partenaire de confiance pour toutes vos besoins en produits de qualit\u00e9. Depuis notre cr\u00e9ation, nous nous sommes engag\u00e9s \u00e0 [&hellip;]<\/p>\n","protected":false},"author":1,"featured_media":0,"parent":0,"menu_order":0,"comment_status":"closed","ping_status":"closed","template":"","meta":{"_et_pb_use_builder":"on","_et_pb_old_content":"","_et_gb_content_width":"","footnotes":""},"class_list":["post-139","page","type-page","status-publish","hentry"],"jetpack_sharing_enabled":true,"_links":{"self":[{"href":"https:\/\/groupe-national.fr\/index.php\/wp-json\/wp\/v2\/pages\/139","targetHints":{"allow":["GET"]}}],"collection":[{"href":"https:\/\/groupe-national.fr\/index.php\/wp-json\/wp\/v2\/pages"}],"about":[{"href":"https:\/\/groupe-national.fr\/index.php\/wp-json\/wp\/v2\/types\/page"}],"author":[{"embeddable":true,"href":"https:\/\/groupe-national.fr\/index.php\/wp-json\/wp\/v2\/users\/1"}],"replies":[{"embeddable":true,"href":"https:\/\/groupe-national.fr\/index.php\/wp-json\/wp\/v2\/comments?post=139"}],"version-history":[{"count":15,"href":"https:\/\/groupe-national.fr\/index.php\/wp-json\/wp\/v2\/pages\/139\/revisions"}],"predecessor-version":[{"id":2290,"href":"https:\/\/groupe-national.fr\/index.php\/wp-json\/wp\/v2\/pages\/139\/revisions\/2290"}],"wp:attachment":[{"href":"https:\/\/groupe-national.fr\/index.php\/wp-json\/wp\/v2\/media?parent=139"}],"curies":[{"name":"wp","href":"https:\/\/api.w.org\/{rel}","templated":true}]}}